{"id":51,"date":"2021-02-15T16:45:00","date_gmt":"2021-02-15T14:45:00","guid":{"rendered":"http:\/\/3600kongsberg.com\/?page_id=51"},"modified":"2021-02-15T17:52:00","modified_gmt":"2021-02-15T15:52:00","slug":"er-flyet-i-rute","status":"publish","type":"page","link":"https:\/\/3600kongsberg.com\/?page_id=51","title":{"rendered":"REISER (valuta og fly-info)"},"content":{"rendered":"<p class=\"intro\"><a href=\"https:\/\/www.norges-bank.no\/tema\/Statistikk\/Valutakurser\/\" target=\"_blank\" rel=\"noopener\"><strong>VALUTASJEKK<\/strong><br><\/a><\/p>\n<h4 id=\"block-420f0bb1-85b2-4fbf-a29c-d908fe5fb33d\" class=\"block-editor-rich-text__editable block-editor-block-list__block wp-block is-selected rich-text\" tabindex=\"0\" role=\"group\" contenteditable=\"true\" aria-multiline=\"true\" aria-label=\"Blokk: Overskrift\" data-block=\"420f0bb1-85b2-4fbf-a29c-d908fe5fb33d\" data-type=\"core\/heading\" data-title=\"Overskrift\"><a href=\"https:\/\/avinor.no\/informasjon-i-forbindelse-med-koronaviruset\/\" target=\"_blank\" rel=\"noreferrer noopener\" data-rich-text-format-boundary=\"true\">KoronaInformasjon<\/a><\/h4>\n\n\n<p><strong>Du kan sjekke om flyet ditt er i rute p\u00e5 hjemmesiden til avreiseflyplassen. P\u00e5 flyplassens hjemmeside finner du veibeskrivelse, rutetabeller og annen nyttig informasjon. Lenkene er til eksterne sider.<\/strong><\/p>\n\n\n\n<ul><li><a rel=\"noreferrer noopener\" href=\"https:\/\/avinor.no\/flyplass\/alta\/\" target=\"_blank\">Alta lufthavn<\/a><\/li><li><a rel=\"noreferrer noopener\" href=\"https:\/\/avinor.no\/flyplass\/andoya\/\" target=\"_blank\">And\u00f8ya lufthavn<\/a><\/li><li><a rel=\"noreferrer noopener\" href=\"https:\/\/avinor.no\/flyplass\/bardufoss\/\" target=\"_blank\">Bardufoss lufthavn<\/a><\/li><li><a rel=\"noreferrer noopener\" href=\"https:\/\/avinor.no\/flyplass\/bergen\/\" target=\"_blank\"><strong>Bergen lufthavn<\/strong><\/a><\/li><li><a rel=\"noreferrer noopener\" href=\"https:\/\/avinor.no\/flyplass\/berlevag\/\" target=\"_blank\">Berlev\u00e5g lufthavn<\/a><\/li><li><a rel=\"noreferrer noopener\" href=\"https:\/\/avinor.no\/flyplass\/bodo\/\" target=\"_blank\"><strong>Bod\u00f8 lufthavn<\/strong><\/a><\/li><li><a rel=\"noreferrer noopener\" href=\"https:\/\/avinor.no\/flyplass\/bronnoysund\/\" target=\"_blank\">Br\u00f8nn\u00f8ysund lufthavn<\/a><\/li><li><a rel=\"noreferrer noopener\" href=\"https:\/\/avinor.no\/flyplass\/batsfjord\/\" target=\"_blank\">B\u00e5tsfjord lufthavn<\/a><\/li><li><a rel=\"noreferrer noopener\" href=\"https:\/\/avinor.no\/flyplass\/floro\/\" target=\"_blank\">Flor\u00f8 lufthamn<\/a><\/li><li><a rel=\"noreferrer noopener\" href=\"https:\/\/avinor.no\/flyplass\/forde\/\" target=\"_blank\">F\u00f8rde lufthamn<\/a><\/li><li><a rel=\"noreferrer noopener\" href=\"https:\/\/avinor.no\/flyplass\/hammerfest\/\" target=\"_blank\">Hammerfest lufthavn<\/a><\/li><li><a rel=\"noreferrer noopener\" href=\"https:\/\/avinor.no\/flyplass\/harstad\/\" target=\"_blank\">Harstad\/Narvik lufthavn<\/a><\/li><li><a rel=\"noreferrer noopener\" href=\"https:\/\/avinor.no\/flyplass\/hasvik\/\" target=\"_blank\">Hasvik lufthavn<\/a><\/li><li><a rel=\"noreferrer noopener\" href=\"https:\/\/avinor.no\/flyplass\/honningsvag\/\" target=\"_blank\">Honningsv\u00e5g lufthavn<\/a><\/li><li><a rel=\"noreferrer noopener\" href=\"https:\/\/avinor.no\/flyplass\/kirkenes\/\" target=\"_blank\">Kirkenes lufthavn<\/a><\/li><li><a rel=\"noreferrer noopener\" href=\"https:\/\/avinor.no\/flyplass\/kristiansand\/\" target=\"_blank\"><strong>Kristiansand lufthavn<\/strong><\/a><\/li><li><a rel=\"noreferrer noopener\" href=\"https:\/\/avinor.no\/flyplass\/kristiansund\/\" target=\"_blank\">Kristiansund lufthavn<\/a><\/li><li><a rel=\"noreferrer noopener\" href=\"https:\/\/avinor.no\/flyplass\/lakselv\/\" target=\"_blank\">Lakselv lufthavn<\/a><\/li><li><a rel=\"noreferrer noopener\" href=\"https:\/\/avinor.no\/flyplass\/leknes\/\" target=\"_blank\">Leknes lufthavn<\/a><\/li><li><a rel=\"noreferrer noopener\" href=\"https:\/\/avinor.no\/flyplass\/mehamn\/\" target=\"_blank\">Mehamn lufthavn<\/a><\/li><li><a rel=\"noreferrer noopener\" href=\"https:\/\/avinor.no\/flyplass\/mo-i-rana\/\" target=\"_blank\">Mo i Rana lufthavn<\/a><\/li><li><a href=\"https:\/\/avinor.no\/flyplass\/molde\/\"><strong>Mold<\/strong><\/a><a rel=\"noreferrer noopener\" href=\"https:\/\/avinor.no\/flyplass\/molde\/\" target=\"_blank\"><strong>e lufthavn<\/strong><\/a><\/li><li><a rel=\"noreferrer noopener\" href=\"https:\/\/avinor.no\/flyplass\/mosjoen\/\" target=\"_blank\">Mosj\u00f8en lufthavn<\/a><\/li><li><a rel=\"noreferrer noopener\" href=\"https:\/\/avinor.no\/flyplass\/namsos\/\" target=\"_blank\">Namsos lufthavn<\/a><\/li><li><a rel=\"noreferrer noopener\" href=\"https:\/\/avinor.no\/flyplass\/oslo\/\" target=\"_blank\"><strong>Oslo lufthavn<\/strong><\/a><\/li><li><a rel=\"noreferrer noopener\" href=\"https:\/\/avinor.no\/flyplass\/roros\/\" target=\"_blank\">R\u00f8ros lufthavn<\/a><\/li><li><a href=\"https:\/\/avinor.no\/flyplass\/rorvik\/\">R\u00f8rvik lufthavn<\/a><\/li><li><a rel=\"noreferrer noopener\" href=\"https:\/\/avinor.no\/flyplass\/rost\/\" target=\"_blank\">R\u00f8st lufthavn<\/a><\/li><li><a rel=\"noreferrer noopener\" href=\"https:\/\/avinor.no\/flyplass\/sandane\/\" target=\"_blank\">Sandane lufthamn<\/a><\/li><li><a rel=\"noreferrer noopener\" href=\"https:\/\/avinor.no\/flyplass\/sandnessjoen\/\" target=\"_blank\">Sandnessj\u00f8en lufthavn<\/a><\/li><li><a rel=\"noreferrer noopener\" href=\"https:\/\/avinor.no\/flyplass\/sogndal\/\" target=\"_blank\">Sogndal lufthamn<\/a><\/li><li><a rel=\"noreferrer noopener\" href=\"https:\/\/avinor.no\/flyplass\/stavanger\/\" target=\"_blank\"><strong>Stavanger lufthavn<\/strong><\/a><\/li><li><a rel=\"noreferrer noopener\" href=\"https:\/\/avinor.no\/flyplass\/stokmarknes\/\" target=\"_blank\">Stokmarknes lufthavn<\/a><\/li><li><a href=\"https:\/\/avinor.no\/flyplass\/svalbard\/\" target=\"_blank\" rel=\"noreferrer noopener\">Svalbard lufthavn<\/a><\/li><li><a href=\"https:\/\/avinor.no\/flyplass\/svolvar\/\" target=\"_blank\" rel=\"noreferrer noopener\">Svolv\u00e6r lufthavn<\/a><\/li><li><a href=\"https:\/\/avinor.no\/flyplass\/sorkjosen\/\" target=\"_blank\" rel=\"noreferrer noopener\">S\u00f8rkjosen lufthavn<\/a><\/li><li><a href=\"https:\/\/avinor.no\/flyplass\/tromso\/\" target=\"_blank\" rel=\"noreferrer noopener\"><strong>Troms\u00f8 lufthavn<\/strong><\/a><\/li><li><a href=\"https:\/\/avinor.no\/flyplass\/trondheim\/\" target=\"_blank\" rel=\"noreferrer noopener\"><strong>Trondheim lufthavn<\/strong><\/a><\/li><li><a href=\"https:\/\/avinor.no\/flyplass\/vadso\/\" target=\"_blank\" rel=\"noreferrer noopener\">Vads\u00f8 lufthavn<\/a><\/li><li><a href=\"https:\/\/avinor.no\/flyplass\/vardo\/\" target=\"_blank\" rel=\"noreferrer noopener\">Vard\u00f8 lufthavn<\/a><\/li><li><a href=\"https:\/\/avinor.no\/flyplass\/varoy\/\">V\u00e6r\u00f8y helikopterhavn<\/a><\/li><li><a href=\"https:\/\/avinor.no\/flyplass\/orstavolda\/\" target=\"_blank\" rel=\"noreferrer noopener\">\u00d8rsta-Volda lufthamn<\/a><\/li><li><a href=\"https:\/\/avinor.no\/flyplass\/alesund\/\" target=\"_blank\" rel=\"noreferrer noopener\"><strong>\u00c5lesund lufthavn<\/strong><\/a><\/li><\/ul>\n\n\n\n<h4 class=\"wp-block-heading\"><\/h4>\n\n\n\n<p><\/p>\n","protected":false},"excerpt":{"rendered":"<p>VALUTASJEKK KoronaInformasjon Du kan sjekke om flyet ditt er i rute p\u00e5 hjemmesiden til avreiseflyplassen. P\u00e5 flyplassens hjemmeside finner du veibeskrivelse, rutetabeller og annen nyttig informasjon. Lenkene er til eksterne sider. Alta lufthavn And\u00f8ya lufthavn Bardufoss lufthavn Bergen lufthavn Berlev\u00e5g lufthavn Bod\u00f8 lufthavn Br\u00f8nn\u00f8ysund lufthavn B\u00e5tsfjord lufthavn Flor\u00f8 lufthamn F\u00f8rde lufthamn Hammerfest lufthavn Harstad\/Narvik lufthavn Hasvik lufthavn Honningsv\u00e5g lufthavn Kirkenes lufthavn Kristiansand lufthavn Kristiansund lufthavn Lakselv lufthavn Leknes lufthavn Mehamn&#8230;<\/p>\n","protected":false},"author":1,"featured_media":0,"parent":0,"menu_order":0,"comment_status":"closed","ping_status":"closed","template":"","meta":[],"post_mailing_queue_ids":[],"_links":{"self":[{"href":"https:\/\/3600kongsberg.com\/index.php?rest_route=\/wp\/v2\/pages\/51"}],"collection":[{"href":"https:\/\/3600kongsberg.com\/index.php?rest_route=\/wp\/v2\/pages"}],"about":[{"href":"https:\/\/3600kongsberg.com\/index.php?rest_route=\/wp\/v2\/types\/page"}],"author":[{"embeddable":true,"href":"https:\/\/3600kongsberg.com\/index.php?rest_route=\/wp\/v2\/users\/1"}],"replies":[{"embeddable":true,"href":"https:\/\/3600kongsberg.com\/index.php?rest_route=%2Fwp%2Fv2%2Fcomments&post=51"}],"version-history":[{"count":18,"href":"https:\/\/3600kongsberg.com\/index.php?rest_route=\/wp\/v2\/pages\/51\/revisions"}],"predecessor-version":[{"id":324,"href":"https:\/\/3600kongsberg.com\/index.php?rest_route=\/wp\/v2\/pages\/51\/revisions\/324"}],"wp:attachment":[{"href":"https:\/\/3600kongsberg.com\/index.php?rest_route=%2Fwp%2Fv2%2Fmedia&parent=51"}],"curies":[{"name":"wp","href":"https:\/\/api.w.org\/{rel}","templated":true}]}}