{"id":199,"date":"2016-02-21T01:11:29","date_gmt":"2016-02-20T23:11:29","guid":{"rendered":"http:\/\/3600kongsberg.com\/?page_id=199"},"modified":"2021-02-16T21:15:07","modified_gmt":"2021-02-16T19:15:07","slug":"topplister-arbeidsgivere-i-buskerud","status":"publish","type":"page","link":"https:\/\/3600kongsberg.com\/?page_id=199","title":{"rendered":"Arbeidsgivere i &laquo;Buskerud&raquo;"},"content":{"rendered":"<p><\/p>\n<p><!-- [if !mso]>\n\n\n\n\n\n\n\n\n\n\n\n\n\n\n\n\n<style>\nv\\:* {behavior:url(#default#VML);}\no\\:* {behavior:url(#default#VML);}\nx\\:* {behavior:url(#default#VML);}\n.shape {behavior:url(#default#VML);}\n<\/style>\n\n\n\n\n\n\n\n\n\n\n\n\n\n\n\n\n<![endif]--><\/p>\n\n\n<figure class=\"wp-block-table is-style-regular\"><table class=\"has-fixed-layout\"><tbody><tr><td><strong>Bedrift<\/strong><\/td><td><strong>Antall ansatte pr 2019<\/strong><\/td><\/tr><tr><td><a href=\"https:\/\/www.kongsbergautomotive.com\/\" target=\"_blank\" rel=\"noreferrer noopener\">Kongsberg   Automotive ASA<\/a><\/td><td>10 908<\/td><\/tr><tr><td><a href=\"https:\/\/www.technipfmc.com\/\" target=\"_blank\" rel=\"noreferrer noopener\">FMC   Kongsberg Subsea AS<\/a><\/td><td>2 216<\/td><\/tr><tr><td>NG <a href=\"https:\/\/kiwi.no\/\" target=\"_blank\" rel=\"noreferrer noopener\">Kiwi<\/a>   Innland AS<\/td><td>1 286<\/td><\/tr><tr><td><a href=\"https:\/\/investor.kid.no\/\" target=\"_blank\" rel=\"noreferrer noopener\">Kid ASA<\/a><\/td><td>1 033<\/td><\/tr><tr><td>Ng <a href=\"https:\/\/kiwi.no\/\" target=\"_blank\" rel=\"noreferrer noopener\">Kiwi<\/a>   Vest AS<\/td><td>1 011<\/td><\/tr><tr><td>Ng <a href=\"https:\/\/kiwi.no\/\" target=\"_blank\" rel=\"noreferrer noopener\">Kiwi<\/a>   Midt-Norge AS<\/td><td>614<\/td><\/tr><tr><td><a href=\"https:\/\/spenncon.no\/\" target=\"_blank\" rel=\"noreferrer noopener\">Spenncon   AS<\/a><\/td><td>506<\/td><\/tr><tr><td><a href=\"https:\/\/www.gknaerospace.com\/en\/Utilities\/gkn-aerospace-suppliers\/gkn-in-europe\/norway\/\" target=\"_blank\" rel=\"noreferrer noopener\">GKN   Aerospace Norway AS<\/a><\/td><td>478 (2017 middeltall )<\/td><\/tr><tr><td><a href=\"https:\/\/www.ringerikskraft.no\/\" target=\"_blank\" rel=\"noreferrer noopener\">Ringerikskraft   AS<\/a><\/td><td>375<\/td><\/tr><tr><td><a href=\"https:\/\/www.dormakaba.com\/no-no\" target=\"_blank\" rel=\"noreferrer noopener\">Dormakaba   Norge AS<\/a><\/td><td>187<\/td><\/tr><tr><td><a href=\"https:\/\/www.bdb.no\/bedriftsinfo\/Imago_Group_As\/Roller\" target=\"_blank\" rel=\"noreferrer noopener\">Imago   Invest AS<\/a><\/td><td>186<\/td><\/tr><tr><td><a href=\"https:\/\/www.siemens-energy.com\/global\/en\/offerings\/compression\/contact.html\" target=\"_blank\" rel=\"noreferrer noopener\">Dresser-Rand   AS<\/a><\/td><td>174<\/td><\/tr><tr><td><a href=\"https:\/\/no.prysmiangroup.com\/\" target=\"_blank\" rel=\"noreferrer noopener\">Prysmian   Group Norge AS<\/a><\/td><td>165<\/td><\/tr><tr><td><a href=\"https:\/\/www.proff.no\/rolle\/\/-\/491820\/\" target=\"_blank\" rel=\"noreferrer noopener\">R\u00f8ine   Holding AS<\/a><\/td><td>153<\/td><\/tr><tr><td><a href=\"https:\/\/bmo.no\/\" target=\"_blank\" rel=\"noreferrer noopener\">BMO   Entrepren\u00f8r AS<\/a><\/td><td>153<\/td><\/tr><tr><td><a href=\"https:\/\/www.nti-as.no\/\" target=\"_blank\" rel=\"noreferrer noopener\">Norsk   Teknisk Installasjon AS<\/a><\/td><td>153<\/td><\/tr><tr><td><a href=\"https:\/\/www.otranorge.no\/\" target=\"_blank\" rel=\"noreferrer noopener\">Otra   Norge AS<\/a><\/td><td>146<\/td><\/tr><tr><td><a href=\"https:\/\/www.eke.no\/\" target=\"_blank\" rel=\"noreferrer noopener\">Kr\u00f8deren   Elektro AS<\/a><\/td><td>139<\/td><\/tr><tr><td><a href=\"https:\/\/chemringnobel.no\/\" target=\"_blank\" rel=\"noreferrer noopener\">Chemring   Nobel AS<\/a><\/td><td>135<\/td><\/tr><tr><td><a href=\"https:\/\/asko.no\/kontakt-oss\/vare-asko-selskap\/asko-drammen-as\/\" target=\"_blank\" rel=\"noreferrer noopener\">Asko   Drammen AS<\/a><\/td><td>133<\/td><\/tr><tr><td><a href=\"https:\/\/www.proff.no\/aksjon%C3%A6rer\/-\/-\/892446032\" target=\"_blank\" rel=\"noreferrer noopener\">Ild   Holding AS<\/a><\/td><td>123<\/td><\/tr><tr><td><a href=\"http:\/\/www.oricaminingservices.com\/no\/nn\" target=\"_blank\" rel=\"noreferrer noopener\">Orica   Norway AS<\/a><\/td><td>119<\/td><\/tr><tr><td><a href=\"https:\/\/consolvo.no\/\" target=\"_blank\" rel=\"noreferrer noopener\">Consolvo   AS<\/a><\/td><td>106<\/td><\/tr><tr><td><a href=\"https:\/\/www.sparebank1.no\/nb\/modum\/privat.html\" target=\"_blank\" rel=\"noreferrer noopener\">Sparebank   1 Modum<\/a><\/td><td>94<\/td><\/tr><tr><td><a href=\"https:\/\/fmkongsberg.no\/\" target=\"_blank\" rel=\"noreferrer noopener\">Forenede   Mont\u00f8rer AS<\/a><\/td><td>85<\/td><\/tr><tr><td><a href=\"https:\/\/www.msd.no\/home\/\" target=\"_blank\" rel=\"noreferrer noopener\">MSD   (Norge) AS<\/a><\/td><td>83<\/td><\/tr><tr><td><a href=\"https:\/\/www.godset.no\/\" target=\"_blank\" rel=\"noreferrer noopener\">Str\u00f8msgodset   Toppfotball<\/a><\/td><td>81<\/td><\/tr><tr><td><a href=\"https:\/\/www.proff.no\/roller\/tta-holding-as\/lierskogen\/eiendomshandel-og-utleie\/IEOWJ3010MV\/\" target=\"_blank\" rel=\"noreferrer noopener\">Tta   Holding AS<\/a><\/td><td>79<\/td><\/tr><tr><td><a href=\"http:\/\/www.stromgundersen.no\/\" target=\"_blank\" rel=\"noreferrer noopener\">Str\u00f8m   Gundersen AS<\/a><\/td><td>75<\/td><\/tr><tr><td><a href=\"https:\/\/semcon.com\/no\/\" target=\"_blank\" rel=\"noreferrer noopener\">Semcon   Norge AS<\/a><\/td><td>73<\/td><\/tr><tr><td><a href=\"https:\/\/www.proff.no\/roller\/ask-holding-as\/hokksund\/hovedkontortjenester\/IGCVZ3B10NZ\/\" target=\"_blank\" rel=\"noreferrer noopener\">Ask   Holding AS<\/a><\/td><td>71<\/td><\/tr><tr><td><a href=\"https:\/\/www.toyota.no\/\" target=\"_blank\" rel=\"noreferrer noopener\">Toyota   Norge AS<\/a><\/td><td>71<\/td><\/tr><tr><td>Eiker\n  Bolig AS<\/td><td>70<\/td><\/tr><tr><td>Addovation\n  AS<\/td><td>63<\/td><\/tr><tr><td>\u00d8konomibistand\n  S\u00f8r AS<\/td><td>60<\/td><\/tr><tr><td>Grevik\n  AS<\/td><td>58<\/td><\/tr><tr><td>W\u00e4rtsil\u00e4\n  Valmarine AS<\/td><td>56<\/td><\/tr><tr><td>Holsfjord\n  Produkter DA<\/td><td>55<\/td><\/tr><tr><td>Nortech\n  AS<\/td><td>55<\/td><\/tr><tr><td>Splitkon\n  AS<\/td><td>51<\/td><\/tr><tr><td>Dr.\n  Holms Hotel AS<\/td><td>50<\/td><\/tr><tr><td>Euro-Blikk\n  &amp; Tak AS<\/td><td>49<\/td><\/tr><tr><td>Rottefella\n  Holding AS<\/td><td>48<\/td><\/tr><tr><td>Benestad\n  Solutions AS<\/td><td>48<\/td><\/tr><tr><td>Rottefella\n  AS<\/td><td>48<\/td><\/tr><tr><td>Ultra AS<\/td><td>47<\/td><\/tr><tr><td>Midtkraft\n  AS<\/td><td>47<span style=\"mso-ignore:vglayout;\n  position:absolute;z-index:1;margin-left:0px;margin-top:0px;width:32px;\n  height:32px\"><\/span><span style=\"mso-ignore:vglayout2\">      <\/span><\/td><\/tr><tr><td>Heiberg\n  Invest AS<\/td><td>47<\/td><\/tr><tr><td>Consolvo\n  Support AS<\/td><td>47<\/td><\/tr><tr><td>Leos\n  Invest AS<\/td><td>46<\/td><\/tr><tr><td>Briskeby\n  Videreg\u00e5ende Skole AS<\/td><td>46<\/td><\/tr><tr><td>R\u00f8dberg\n  Matsenter AS<\/td><td>44<\/td><\/tr><tr><td>Tyrifjord\n  Videreg\u00e5ende Skole<\/td><td>44<\/td><\/tr><tr><td>Sanden\n  Hotell AS<\/td><td>43<\/td><\/tr><tr><td>Jp\n  Sandvold AS<\/td><td>42<\/td><\/tr><tr><td>Vinn\n  Industri Drammen AS<\/td><td>42<\/td><\/tr><tr><td>Obas \u00d8st\n  AS<\/td><td>38<\/td><\/tr><tr><td>Rif\n  Holding AS<\/td><td>37<\/td><\/tr><tr><td>Pk Hus\n  AS<\/td><td>37<\/td><\/tr><tr><td>Steinsfjorden\n  Montessoriskole SA<\/td><td>36<\/td><\/tr><tr><td>Tre\n  Trapp AS<\/td><td>36<\/td><\/tr><tr><td>Toolpack\n  AS<\/td><td>35<\/td><\/tr><tr><td>HV Plast\n  AS<\/td><td>35<\/td><\/tr><tr><td>Valeo\n  Siemens Eautomotive Norway AS<\/td><td>34<\/td><\/tr><tr><td>Com2gether\n  AS<\/td><td>34<\/td><\/tr><tr><td>Norlights\n  Montessoriskole Drammen AS<\/td><td>30<\/td><\/tr><tr><td>Saxen AS<\/td><td>30<\/td><\/tr><tr><td>Lysaker\n  &amp; Thorrud AS<\/td><td>29<\/td><\/tr><tr><td>H\u00f8yt\n  &amp; Lavt AS<\/td><td>29<\/td><\/tr><tr><td>Rosendal\n  Skole<\/td><td>29<\/td><\/tr><tr><td>Ingebretsen\n  Holding AS<\/td><td>28<\/td><\/tr><tr><td>Endress\n  + Hauser AS<\/td><td>28<\/td><\/tr><tr><td>Lier\n  Asvo AS<\/td><td>27<\/td><\/tr><tr><td>Skattekisten\n  Barnehage SA<\/td><td>26<\/td><\/tr><tr><td>O K Lie\n  AS<\/td><td>26<\/td><\/tr><tr><td>Drammen\n  R\u00f8rservice AS<\/td><td>25<\/td><\/tr><tr><td>Lapp\n  Norway AS<\/td><td>25<\/td><\/tr><tr><td>Rakon AS<\/td><td>24<\/td><\/tr><tr><td>Certex\n  Norge AS<\/td><td>24<\/td><\/tr><tr><td>Eiendomsmegleren\n  Ringerike Hadeland AS<\/td><td>24<\/td><\/tr><tr><td>Bjarne\n  Hjelmtvedt Sytilbeh\u00f8r AS<\/td><td>24<\/td><\/tr><tr><td>100-Meterskogen\n  Barnehage AS<\/td><td>24<\/td><\/tr><tr><td>Fungames\n  AS<\/td><td>24<\/td><\/tr><tr><td>Merkur\n  Regnskap SA<\/td><td>24<\/td><\/tr><tr><td>Asfaltfres\n  AS<\/td><td>24<\/td><\/tr><tr><td>Diabas\n  Entrepren\u00f8r AS<\/td><td>23<\/td><\/tr><tr><td>Pagar\n  \u00d8st AS<\/td><td>23<\/td><\/tr><tr><td>N\u00f8ste\n  Barnehage SA<\/td><td>23<\/td><\/tr><tr><td>Steg\n  Entrepren\u00f8r AS<\/td><td>23<span style=\"mso-ignore:vglayout;\n  position:absolute;z-index:2;margin-left:0px;margin-top:0px;width:32px;\n  height:63px\"><span style=\"font-family: inherit; font-size: inherit; font-weight: inherit;\">   <\/span><\/span><\/td><\/tr><tr><td>Nhd AS<\/td><td>22<\/td><\/tr><tr><td>Walther\n  Kristiansen AS<\/td><td>22<\/td><\/tr><tr><td>O\n  N\u00f8rsteb\u00f8 &amp; S\u00f8nn AS<\/td><td>22<\/td><\/tr><tr><td>Steam\n  Clean Buskerud AS<\/td><td>22<\/td><\/tr><tr><td>Noahs\n  Ark Milj\u00f8barnehage AS<\/td><td>22<\/td><\/tr><tr><td>B\u00f8rsen\n  Festlokaler og Catering AS<\/td><td>22<\/td><\/tr><tr><td>Olje- og\n  Energisenteret AS<\/td><td>21<\/td><\/tr><tr><td>Bever\n  Control AS<\/td><td>21<\/td><\/tr><tr><td>Sub\n  Buskerud AS<\/td><td>20<\/td><\/tr><tr><td>Lampeland\n  Bakeri Og Konditori AS<\/td><td>20<\/td><\/tr><tr><td>Lier\n  R\u00f8rsenter AS<\/td><td>20<\/td><\/tr><tr><td>Proffsenteret\n  AS<\/td><td>20<\/td><\/tr><tr><td>B\u00e6rg\u00e5rden\n  AS<\/td><td>20<\/td><\/tr><\/tbody><\/table><\/figure>\n","protected":false},"excerpt":{"rendered":"<p>Bedrift Antall ansatte pr 2019 Kongsberg Automotive ASA 10 908 FMC Kongsberg Subsea AS 2 216 NG Kiwi Innland AS 1 286 Kid ASA 1 033 Ng Kiwi Vest AS 1 011 Ng Kiwi Midt-Norge AS 614 Spenncon AS 506 GKN Aerospace Norway AS 478 (2017 middeltall ) Ringerikskraft AS 375 Dormakaba Norge AS 187 Imago Invest AS 186 Dresser-Rand AS 174 Prysmian Group Norge AS 165 R\u00f8ine Holding AS&#8230;<\/p>\n","protected":false},"author":1,"featured_media":0,"parent":0,"menu_order":0,"comment_status":"closed","ping_status":"closed","template":"","meta":[],"post_mailing_queue_ids":[],"_links":{"self":[{"href":"https:\/\/3600kongsberg.com\/index.php?rest_route=\/wp\/v2\/pages\/199"}],"collection":[{"href":"https:\/\/3600kongsberg.com\/index.php?rest_route=\/wp\/v2\/pages"}],"about":[{"href":"https:\/\/3600kongsberg.com\/index.php?rest_route=\/wp\/v2\/types\/page"}],"author":[{"embeddable":true,"href":"https:\/\/3600kongsberg.com\/index.php?rest_route=\/wp\/v2\/users\/1"}],"replies":[{"embeddable":true,"href":"https:\/\/3600kongsberg.com\/index.php?rest_route=%2Fwp%2Fv2%2Fcomments&post=199"}],"version-history":[{"count":36,"href":"https:\/\/3600kongsberg.com\/index.php?rest_route=\/wp\/v2\/pages\/199\/revisions"}],"predecessor-version":[{"id":421,"href":"https:\/\/3600kongsberg.com\/index.php?rest_route=\/wp\/v2\/pages\/199\/revisions\/421"}],"wp:attachment":[{"href":"https:\/\/3600kongsberg.com\/index.php?rest_route=%2Fwp%2Fv2%2Fmedia&parent=199"}],"curies":[{"name":"wp","href":"https:\/\/api.w.org\/{rel}","templated":true}]}}